{"id":82,"date":"2019-07-17T13:27:37","date_gmt":"2019-07-17T13:27:37","guid":{"rendered":"https:\/\/www.hoffmann-avocat.fr\/?page_id=82"},"modified":"2024-01-05T15:25:10","modified_gmt":"2024-01-05T15:25:10","slug":"mentions-legales","status":"publish","type":"page","link":"https:\/\/www.hoffmann-avocat.fr\/index.php\/mentions-legales\/","title":{"rendered":"Mentions l\u00e9gales"},"content":{"rendered":"\n<p><strong>Donn\u00e9es personnelles \/ Vie priv\u00e9e<\/strong><\/p>\n\n\n\n<p>En conformit\u00e9 avec les dispositions de la loi du 6 janvier 1978 relative \u00e0 l\u2019informatique, aux fichiers et aux libert\u00e9s, vous disposez d\u2019un droit d\u2019acc\u00e8s et de rectification portant sur les donn\u00e9es vous concernant en \u00e9crivant au si\u00e8ge social. Les donn\u00e9es personnelles recueillies sur le site&nbsp;<a href=\"https:\/\/www.hoffmann-avocat.fr\/\">https:\/\/www.hoffmann-avocat.fr\/<\/a>&nbsp;&nbsp;ne font pas l\u2019objet de traitements automatis\u00e9s. Il s\u2019agit de la r\u00e9cup\u00e9ration des donn\u00e9es via le formulaire de contact.<\/p>\n\n\n\n<p><strong>Avertissement<\/strong><\/p>\n\n\n\n<p>Toutes informations figurant sur ce site sont purement indicatives et ne sauraient engager la responsabilit\u00e9 de l\u2019\u00e9diteur.<br>Ces informations, qui ne pr\u00e9tendent pas \u00e0 l\u2019exhaustivit\u00e9, ne sauraient valoir conseil, de quelque nature que ce soit.<br>Ces informations sont susceptibles de modifications \u00e0 tout moment et sans pr\u00e9avis.<\/p>\n\n\n\n<p><strong>Droits de propri\u00e9t\u00e9 intellectuelle<\/strong><\/p>\n\n\n\n<p>La reproduction ou repr\u00e9sentation, int\u00e9grale ou partielle, des pages, des donn\u00e9es et de toute autre \u00e9l\u00e9ment constitutif au site, par quelque proc\u00e9d\u00e9 ou support que ce soit, est interdite et constitue sans autorisation expresse et pr\u00e9alable de l\u2019\u00e9diteur une contrefa\u00e7on sanctionn\u00e9e par les articles L335-2 et suivants du Code de Propri\u00e9t\u00e9 Intellectuelle.<\/p>\n\n\n\n<p>Toute utilisation du contenu et de site \u00e0 des fins ill\u00e9gales fera l\u2019objet de poursuites judiciaires \u00e0 l\u2019\u00e9gard des contrevenants.<\/p>\n\n\n\n<p><strong>Cookies<\/strong><\/p>\n\n\n\n<p>L\u2019utilisateur est inform\u00e9 que lors de ses visites sur le site, un cookie peut s\u2019installer automatiquement et \u00eatre conserv\u00e9 temporairement en m\u00e9moire ou sur son disque dur. Un cookie est un \u00e9l\u00e9ment qui ne permet pas d\u2019identifier l\u2019utilisateur mais sert \u00e0 enregistrer des informations relatives \u00e0 la navigation de celui-ci sur le site internet. Les utilisateurs du site reconnaissent avoir \u00e9t\u00e9 inform\u00e9s de cette pratique et autorisent Ma\u00eetre Nathalie Hoffmann-Eblin \u00e0 l\u2019employer. Ils pourront d\u00e9sactiver ce cookie par l\u2019interm\u00e9diaire des param\u00e8tres figurant au sein de leur navigateur web (Google Chrome, Firefox, Internet Explorer, Safari\u2026).<\/p>\n\n\n\n<p><strong>Signaler une erreur<\/strong><\/p>\n\n\n\n<p>L\u2019\u00e9quipe \u00e9ditoriale du site Internet de Ma\u00eetre Nathalie Hoffmann-Eblin tente par tous les moyens de diffuser une information valide, de garder celle-ci \u00e0 jour et de s\u2019assurer de la qualit\u00e9 du contenu. Si un contenu n\u2019est plus appropri\u00e9 ou d\u00e9range une soci\u00e9t\u00e9, nous vous invitons \u00e0 nous signaler le probl\u00e8me via la page contact. Le contenu sera modifi\u00e9\/corrig\u00e9 dans un d\u00e9lai de 48h00.<\/p>\n\n\n\n<p><strong>Cr\u00e9ation du site internet<\/strong><\/p>\n\n\n\n<p>Bulle &amp; Co\u2019<br>2, rue Jordan \u2013 68750 Bergheim<br><a href=\"http:\/\/www.bulleandco.fr\/\">www.bulleandco.fr<\/a><\/p>\n\n\n\n<p><strong>Editeur<\/strong><\/p>\n\n\n\n<p>Responsable de la publication : Nathalie Hoffmann-Eblin<br>22A, Rue Roswag<br>67600 SELESTAT<\/p>\n","protected":false},"excerpt":{"rendered":"<p>Donn\u00e9es personnelles \/ Vie priv\u00e9e En conformit\u00e9 avec les dispositions de la loi du 6 janvier 1978 relative \u00e0 l\u2019informatique, aux fichiers et aux libert\u00e9s, vous<span class=\"excerpt-hellip\"> [\u2026]<\/span><\/p>\n","protected":false},"author":1,"featured_media":0,"parent":0,"menu_order":0,"comment_status":"closed","ping_status":"closed","template":"","meta":{"footnotes":""},"class_list":["post-82","page","type-page","status-publish","hentry"],"_links":{"self":[{"href":"https:\/\/www.hoffmann-avocat.fr\/index.php\/wp-json\/wp\/v2\/pages\/82","targetHints":{"allow":["GET"]}}],"collection":[{"href":"https:\/\/www.hoffmann-avocat.fr\/index.php\/wp-json\/wp\/v2\/pages"}],"about":[{"href":"https:\/\/www.hoffmann-avocat.fr\/index.php\/wp-json\/wp\/v2\/types\/page"}],"author":[{"embeddable":true,"href":"https:\/\/www.hoffmann-avocat.fr\/index.php\/wp-json\/wp\/v2\/users\/1"}],"replies":[{"embeddable":true,"href":"https:\/\/www.hoffmann-avocat.fr\/index.php\/wp-json\/wp\/v2\/comments?post=82"}],"version-history":[{"count":3,"href":"https:\/\/www.hoffmann-avocat.fr\/index.php\/wp-json\/wp\/v2\/pages\/82\/revisions"}],"predecessor-version":[{"id":89,"href":"https:\/\/www.hoffmann-avocat.fr\/index.php\/wp-json\/wp\/v2\/pages\/82\/revisions\/89"}],"wp:attachment":[{"href":"https:\/\/www.hoffmann-avocat.fr\/index.php\/wp-json\/wp\/v2\/media?parent=82"}],"curies":[{"name":"wp","href":"https:\/\/api.w.org\/{rel}","templated":true}]}}